{"id":1951,"date":"2025-06-26T16:42:16","date_gmt":"2025-06-26T16:42:16","guid":{"rendered":"https:\/\/zorgeloosonderdezon.nl\/politica-de-privacidad-zorgeloos-onder-de-zon\/"},"modified":"2025-11-19T16:09:30","modified_gmt":"2025-11-19T16:09:30","slug":"politica-de-privacidad-zorgeloos-onder-de-zon","status":"publish","type":"page","link":"https:\/\/zorgeloosonderdezon.nl\/es\/politica-de-privacidad-zorgeloos-onder-de-zon\/","title":{"rendered":"Pol\u00edtica de privacidad &#8211; Zorgeloos onder de Zon"},"content":{"rendered":"\t\t<div data-elementor-type=\"wp-page\" data-elementor-id=\"1951\" class=\"elementor elementor-1951 elementor-3\" data-elementor-post-type=\"page\">\n\t\t\t\t<div class=\"elementor-element elementor-element-c32d760 e-con-full e-flex e-con e-parent\" data-id=\"c32d760\" data-element_type=\"container\" data-e-type=\"container\" data-settings=\"{&quot;background_background&quot;:&quot;classic&quot;}\">\n\t\t\t\t<div class=\"elementor-element elementor-element-76a60e1 elementor-widget-divider--view-line elementor-widget elementor-widget-divider\" data-id=\"76a60e1\" data-element_type=\"widget\" data-e-type=\"widget\" data-widget_type=\"divider.default\">\n\t\t\t\t\t\t\t<div class=\"elementor-divider\">\n\t\t\t<span class=\"elementor-divider-separator\">\n\t\t\t\t\t\t<\/span>\n\t\t<\/div>\n\t\t\t\t\t\t<\/div>\n\t\t\t\t<\/div>\n\t\t<div class=\"elementor-element elementor-element-3988d1b e-flex e-con-boxed e-con e-parent\" data-id=\"3988d1b\" data-element_type=\"container\" data-e-type=\"container\" data-settings=\"{&quot;background_background&quot;:&quot;classic&quot;}\">\n\t\t\t\t\t<div class=\"e-con-inner\">\n\t\t\t\t<div class=\"elementor-element elementor-element-7a113c1 elementor-widget elementor-widget-image\" data-id=\"7a113c1\" data-element_type=\"widget\" data-e-type=\"widget\" data-widget_type=\"image.default\">\n\t\t\t\t\t\t\t\t\t\t\t\t\t\t\t<img decoding=\"async\" width=\"150\" height=\"150\" src=\"https:\/\/zorgeloosonderdezon.nl\/wp-content\/uploads\/2025\/06\/38-Years-150x150.webp\" class=\"attachment-thumbnail size-thumbnail wp-image-1915\" alt=\"\" \/>\t\t\t\t\t\t\t\t\t\t\t\t\t\t\t<\/div>\n\t\t\t\t<div class=\"elementor-element elementor-element-404e55b elementor-widget elementor-widget-heading\" data-id=\"404e55b\" data-element_type=\"widget\" data-e-type=\"widget\" data-widget_type=\"heading.default\">\n\t\t\t\t\t<h2 class=\"elementor-heading-title elementor-size-default\">Pol\u00edtica de privacidad - Zorgeloos onder de Zon<\/h2>\t\t\t\t<\/div>\n\t\t\t\t<div class=\"elementor-element elementor-element-c79ed3d elementor-widget elementor-widget-text-editor\" data-id=\"c79ed3d\" data-element_type=\"widget\" data-e-type=\"widget\" data-widget_type=\"text-editor.default\">\n\t\t\t\t\t\t\t\t\t<p><strong data-start=\"376\" data-end=\"409\">\u00bfQui\u00e9nes somos?<\/strong><\/p><p data-start=\"201\" data-end=\"374\">Nuestro sitio web es: <a class=\"\" href=\"https:\/\/zorgeloosonderdezon.nl\/es\/\" target=\"_new\" rel=\"noopener\" data-start=\"238\" data-end=\"302\">https:\/\/zorgeloosonderdezon.nl.<\/a> Ayudamos a neerlandeses que sean (futuros) propietarios de una vivienda en Espa\u00f1a.<\/p><p data-start=\"376\" data-end=\"588\"><strong data-start=\"376\" data-end=\"409\">\u00bfQu\u00e9 datos recopilamos?<\/strong><br data-start=\"409\" data-end=\"412\" \/>Cuando deja un comentario en nuestro sitio web, almacenamos los datos que nos proporciona, como su nombre y direcci\u00f3n de correo electr\u00f3nico. Tambi\u00e9n almacenamos su direcci\u00f3n IP para prevenir el env\u00edo de Spam.<\/p><p data-start=\"590\" data-end=\"820\"><strong data-start=\"590\" data-end=\"602\">Gravatar<\/strong><br data-start=\"602\" data-end=\"605\" \/>\u00bfUtiliza una foto de perfil mediante Gravatar? Si es as\u00ed, puede compartir su direcci\u00f3n de correo electr\u00f3nico de forma an\u00f3nima (en forma de c\u00f3digo) con Gravatar para mostrar su foto junto a su comentario. M\u00e1s informaci\u00f3n: <a class=\"\" href=\"https:\/\/automattic.com\/privacy\" target=\"_new\" rel=\"noopener\" data-start=\"763\" data-end=\"819\">automattic.com\/privacy<\/a>.<\/p><p data-start=\"822\" data-end=\"1025\"><strong data-start=\"822\" data-end=\"848\">Fotos e im\u00e1genes<\/strong><br data-start=\"848\" data-end=\"851\" \/>Si sube una foto a nuestro sitio web, aseg\u00farese de que no contiene datos de geolocalizaci\u00f3n (como GPS). Si no, otros podr\u00e1n ver o descargar esta informaci\u00f3n.<\/p><p data-start=\"1027\" data-end=\"1177\"><strong data-start=\"1027\" data-end=\"1038\">Cookies<\/strong><br data-start=\"1038\" data-end=\"1041\" \/>Nuestro sitio web utiliza cookies. Son peque\u00f1os archivos que le ayudan a responder o a conectarse de forma m\u00e1s f\u00e1cil y r\u00e1pida. Por ejemplo:<\/p><ul data-start=\"1179\" data-end=\"1449\"><li data-start=\"1179\" data-end=\"1278\"><p data-start=\"1181\" data-end=\"1278\">\u00bfQuiere dejar un comentario? Si es as\u00ed, podr\u00e1 elegir que se recuerden su nombre y direcci\u00f3n de correo electr\u00f3nico.<\/p><\/li><li data-start=\"1279\" data-end=\"1374\"><p data-start=\"1281\" data-end=\"1374\">\u00bfHa iniciado sesi\u00f3n? Si es as\u00ed, lo recordaremos durante dos d\u00edas (o dos semanas si elige \u00abrecu\u00e9rdame\u00bb).<\/p><\/li><li data-start=\"1375\" data-end=\"1449\"><p data-start=\"1377\" data-end=\"1449\">\u00bfEst\u00e1 escribiendo un art\u00edculo? Si es as\u00ed, guardaremos temporalmente el ID de dicho art\u00edculo.<\/p><\/li><\/ul><p data-start=\"1451\" data-end=\"1531\">Estas cookies ayudan a que nuestro sitio web funcione mejor y le facilitan su uso.<\/p><p data-start=\"1533\" data-end=\"1806\"><strong data-start=\"1533\" data-end=\"1563\">Contenido de otros sitios web<\/strong><br data-start=\"1563\" data-end=\"1566\" \/>En nuestro sitio web a veces publicamos v\u00eddeos, im\u00e1genes o art\u00edculos de otros sitios web. Funcionan igual que en el sitio web original. Pueden recopilar informaci\u00f3n sobre usted, utilizar cookies o realizar un seguimiento de su actividad si ha iniciado sesi\u00f3n en ese sitio.<\/p><p data-start=\"1808\" data-end=\"2154\"><strong data-start=\"1808\" data-end=\"1846\">\u00bfDurante cu\u00e1nto tiempo almacenamos sus datos?<\/strong><br data-start=\"1846\" data-end=\"1849\" \/>Los comentarios permanecer\u00e1n en la p\u00e1gina mientras el sitio web est\u00e9 activo. En el caso de los clientes y de las personas interesadas, conservamos los datos durante <strong data-start=\"1967\" data-end=\"2009\">dos a\u00f1os desde el \u00faltimo contacto<\/strong>. Despu\u00e9s, eliminaremos todos los datos, salvo que nos haya solicitado antes que los borremos. En ese caso, lo haremos de inmediato.<\/p><p data-start=\"2156\" data-end=\"2325\"><strong data-start=\"2156\" data-end=\"2170\">Sus derechos<\/strong><br data-start=\"2170\" data-end=\"2173\" \/>Puede solicitar en cualquier momento qu\u00e9 datos tenemos sobre usted. \u00bfQuiere modificarlos o eliminarlos? Sin problema, p\u00eddanos que lo hagamos y lo haremos.<\/p><p data-start=\"2327\" data-end=\"2473\"><strong data-start=\"2327\" data-end=\"2363\">\u00bfQu\u00e9 hacemos con sus datos?<\/strong><br data-start=\"2363\" data-end=\"2366\" \/>Los comentarios del sitio pueden someterse a una revisi\u00f3n autom\u00e1tica para evitar el spam (mensajes no deseados).<\/p>\t\t\t\t\t\t\t\t<\/div>\n\t\t\t\t\t<\/div>\n\t\t\t\t<\/div>\n\t\t\t\t<\/div>\n\t\t","protected":false},"excerpt":{"rendered":"<p>Pol\u00edtica de privacidad &#8211; Zorgeloos onder de Zon \u00bfQui\u00e9nes somos? Nuestro sitio web es: https:\/\/zorgeloosonderdezon.nl. Ayudamos a neerlandeses que sean (futuros) propietarios de una vivienda en Espa\u00f1a. \u00bfQu\u00e9 datos recopilamos?Cuando deja un comentario en nuestro sitio web, almacenamos los datos que nos proporciona, como su nombre y direcci\u00f3n de correo electr\u00f3nico. Tambi\u00e9n almacenamos su direcci\u00f3n [&hellip;]<\/p>\n","protected":false},"author":1,"featured_media":0,"parent":0,"menu_order":0,"comment_status":"closed","ping_status":"closed","template":"elementor_header_footer","meta":{"footnotes":""},"class_list":["post-1951","page","type-page","status-publish","hentry"],"yoast_head":"<!-- This site is optimized with the Yoast SEO plugin v27.3 - https:\/\/yoast.com\/product\/yoast-seo-wordpress\/ -->\n<title>Pol\u00edtica de privacidad - Zorgeloos onder de Zon - Zorgeloos onder de Zon<\/title>\n<meta name=\"robots\" content=\"index, follow, max-snippet:-1, max-image-preview:large, max-video-preview:-1\" \/>\n<link rel=\"canonical\" href=\"https:\/\/zorgeloosonderdezon.nl\/es\/politica-de-privacidad-zorgeloos-onder-de-zon\/\" \/>\n<meta property=\"og:locale\" content=\"es_ES\" \/>\n<meta property=\"og:type\" content=\"article\" \/>\n<meta property=\"og:title\" content=\"Pol\u00edtica de privacidad - Zorgeloos onder de Zon - Zorgeloos onder de Zon\" \/>\n<meta property=\"og:description\" content=\"Pol\u00edtica de privacidad &#8211; Zorgeloos onder de Zon \u00bfQui\u00e9nes somos? Nuestro sitio web es: https:\/\/zorgeloosonderdezon.nl. Ayudamos a neerlandeses que sean (futuros) propietarios de una vivienda en Espa\u00f1a. \u00bfQu\u00e9 datos recopilamos?Cuando deja un comentario en nuestro sitio web, almacenamos los datos que nos proporciona, como su nombre y direcci\u00f3n de correo electr\u00f3nico. Tambi\u00e9n almacenamos su direcci\u00f3n [&hellip;]\" \/>\n<meta property=\"og:url\" content=\"https:\/\/zorgeloosonderdezon.nl\/es\/politica-de-privacidad-zorgeloos-onder-de-zon\/\" \/>\n<meta property=\"og:site_name\" content=\"Zorgeloos onder de Zon\" \/>\n<meta property=\"article:publisher\" content=\"https:\/\/www.facebook.com\/zorgeloosonderdezon\/\" \/>\n<meta property=\"article:modified_time\" content=\"2025-11-19T16:09:30+00:00\" \/>\n<meta property=\"og:image\" content=\"https:\/\/zorgeloosonderdezon.nl\/wp-content\/uploads\/2025\/06\/38-Years.webp\" \/>\n\t<meta property=\"og:image:width\" content=\"690\" \/>\n\t<meta property=\"og:image:height\" content=\"396\" \/>\n\t<meta property=\"og:image:type\" content=\"image\/webp\" \/>\n<meta name=\"twitter:card\" content=\"summary_large_image\" \/>\n<meta name=\"twitter:label1\" content=\"Tiempo de lectura\" \/>\n\t<meta name=\"twitter:data1\" content=\"2 minutos\" \/>\n<script type=\"application\/ld+json\" class=\"yoast-schema-graph\">{\"@context\":\"https:\\\/\\\/schema.org\",\"@graph\":[{\"@type\":\"WebPage\",\"@id\":\"https:\\\/\\\/zorgeloosonderdezon.nl\\\/es\\\/politica-de-privacidad-zorgeloos-onder-de-zon\\\/\",\"url\":\"https:\\\/\\\/zorgeloosonderdezon.nl\\\/es\\\/politica-de-privacidad-zorgeloos-onder-de-zon\\\/\",\"name\":\"Pol\u00edtica de privacidad - Zorgeloos onder de Zon - Zorgeloos onder de Zon\",\"isPartOf\":{\"@id\":\"https:\\\/\\\/zorgeloosonderdezon.nl\\\/es\\\/#website\"},\"primaryImageOfPage\":{\"@id\":\"https:\\\/\\\/zorgeloosonderdezon.nl\\\/es\\\/politica-de-privacidad-zorgeloos-onder-de-zon\\\/#primaryimage\"},\"image\":{\"@id\":\"https:\\\/\\\/zorgeloosonderdezon.nl\\\/es\\\/politica-de-privacidad-zorgeloos-onder-de-zon\\\/#primaryimage\"},\"thumbnailUrl\":\"https:\\\/\\\/zorgeloosonderdezon.nl\\\/wp-content\\\/uploads\\\/2025\\\/06\\\/38-Years-150x150.webp\",\"datePublished\":\"2025-06-26T16:42:16+00:00\",\"dateModified\":\"2025-11-19T16:09:30+00:00\",\"breadcrumb\":{\"@id\":\"https:\\\/\\\/zorgeloosonderdezon.nl\\\/es\\\/politica-de-privacidad-zorgeloos-onder-de-zon\\\/#breadcrumb\"},\"inLanguage\":\"es\",\"potentialAction\":[{\"@type\":\"ReadAction\",\"target\":[\"https:\\\/\\\/zorgeloosonderdezon.nl\\\/es\\\/politica-de-privacidad-zorgeloos-onder-de-zon\\\/\"]}]},{\"@type\":\"ImageObject\",\"inLanguage\":\"es\",\"@id\":\"https:\\\/\\\/zorgeloosonderdezon.nl\\\/es\\\/politica-de-privacidad-zorgeloos-onder-de-zon\\\/#primaryimage\",\"url\":\"https:\\\/\\\/zorgeloosonderdezon.nl\\\/wp-content\\\/uploads\\\/2025\\\/06\\\/38-Years-150x150.webp\",\"contentUrl\":\"https:\\\/\\\/zorgeloosonderdezon.nl\\\/wp-content\\\/uploads\\\/2025\\\/06\\\/38-Years-150x150.webp\"},{\"@type\":\"BreadcrumbList\",\"@id\":\"https:\\\/\\\/zorgeloosonderdezon.nl\\\/es\\\/politica-de-privacidad-zorgeloos-onder-de-zon\\\/#breadcrumb\",\"itemListElement\":[{\"@type\":\"ListItem\",\"position\":1,\"name\":\"Home\",\"item\":\"https:\\\/\\\/zorgeloosonderdezon.nl\\\/es\\\/\"},{\"@type\":\"ListItem\",\"position\":2,\"name\":\"Pol\u00edtica de privacidad &#8211; Zorgeloos onder de Zon\"}]},{\"@type\":\"WebSite\",\"@id\":\"https:\\\/\\\/zorgeloosonderdezon.nl\\\/es\\\/#website\",\"url\":\"https:\\\/\\\/zorgeloosonderdezon.nl\\\/es\\\/\",\"name\":\"Zorgeloos onder de Zon\",\"description\":\"A Espa\u00f1a, sin drama\",\"publisher\":{\"@id\":\"https:\\\/\\\/zorgeloosonderdezon.nl\\\/es\\\/#organization\"},\"alternateName\":\"Zonder gedoe naar Spanje toe\",\"potentialAction\":[{\"@type\":\"SearchAction\",\"target\":{\"@type\":\"EntryPoint\",\"urlTemplate\":\"https:\\\/\\\/zorgeloosonderdezon.nl\\\/es\\\/?s={search_term_string}\"},\"query-input\":{\"@type\":\"PropertyValueSpecification\",\"valueRequired\":true,\"valueName\":\"search_term_string\"}}],\"inLanguage\":\"es\"},{\"@type\":\"Organization\",\"@id\":\"https:\\\/\\\/zorgeloosonderdezon.nl\\\/es\\\/#organization\",\"name\":\"Zorgeloos onder de Zon\",\"alternateName\":\"A Espa\u00f1a, sin drama\",\"url\":\"https:\\\/\\\/zorgeloosonderdezon.nl\\\/es\\\/\",\"logo\":{\"@type\":\"ImageObject\",\"inLanguage\":\"es\",\"@id\":\"https:\\\/\\\/zorgeloosonderdezon.nl\\\/es\\\/#\\\/schema\\\/logo\\\/image\\\/\",\"url\":\"https:\\\/\\\/zorgeloosonderdezon.nl\\\/wp-content\\\/uploads\\\/2025\\\/08\\\/ZODZ_Full-Color-CMYK-Liggend-scaled.png\",\"contentUrl\":\"https:\\\/\\\/zorgeloosonderdezon.nl\\\/wp-content\\\/uploads\\\/2025\\\/08\\\/ZODZ_Full-Color-CMYK-Liggend-scaled.png\",\"width\":2560,\"height\":865,\"caption\":\"Zorgeloos onder de Zon\"},\"image\":{\"@id\":\"https:\\\/\\\/zorgeloosonderdezon.nl\\\/es\\\/#\\\/schema\\\/logo\\\/image\\\/\"},\"sameAs\":[\"https:\\\/\\\/www.facebook.com\\\/zorgeloosonderdezon\\\/\"]}]}<\/script>\n<!-- \/ Yoast SEO plugin. -->","yoast_head_json":{"title":"Pol\u00edtica de privacidad - Zorgeloos onder de Zon - Zorgeloos onder de Zon","robots":{"index":"index","follow":"follow","max-snippet":"max-snippet:-1","max-image-preview":"max-image-preview:large","max-video-preview":"max-video-preview:-1"},"canonical":"https:\/\/zorgeloosonderdezon.nl\/es\/politica-de-privacidad-zorgeloos-onder-de-zon\/","og_locale":"es_ES","og_type":"article","og_title":"Pol\u00edtica de privacidad - Zorgeloos onder de Zon - Zorgeloos onder de Zon","og_description":"Pol\u00edtica de privacidad &#8211; Zorgeloos onder de Zon \u00bfQui\u00e9nes somos? Nuestro sitio web es: https:\/\/zorgeloosonderdezon.nl. Ayudamos a neerlandeses que sean (futuros) propietarios de una vivienda en Espa\u00f1a. \u00bfQu\u00e9 datos recopilamos?Cuando deja un comentario en nuestro sitio web, almacenamos los datos que nos proporciona, como su nombre y direcci\u00f3n de correo electr\u00f3nico. Tambi\u00e9n almacenamos su direcci\u00f3n [&hellip;]","og_url":"https:\/\/zorgeloosonderdezon.nl\/es\/politica-de-privacidad-zorgeloos-onder-de-zon\/","og_site_name":"Zorgeloos onder de Zon","article_publisher":"https:\/\/www.facebook.com\/zorgeloosonderdezon\/","article_modified_time":"2025-11-19T16:09:30+00:00","og_image":[{"width":690,"height":396,"url":"https:\/\/zorgeloosonderdezon.nl\/wp-content\/uploads\/2025\/06\/38-Years.webp","type":"image\/webp"}],"twitter_card":"summary_large_image","twitter_misc":{"Tiempo de lectura":"2 minutos"},"schema":{"@context":"https:\/\/schema.org","@graph":[{"@type":"WebPage","@id":"https:\/\/zorgeloosonderdezon.nl\/es\/politica-de-privacidad-zorgeloos-onder-de-zon\/","url":"https:\/\/zorgeloosonderdezon.nl\/es\/politica-de-privacidad-zorgeloos-onder-de-zon\/","name":"Pol\u00edtica de privacidad - Zorgeloos onder de Zon - Zorgeloos onder de Zon","isPartOf":{"@id":"https:\/\/zorgeloosonderdezon.nl\/es\/#website"},"primaryImageOfPage":{"@id":"https:\/\/zorgeloosonderdezon.nl\/es\/politica-de-privacidad-zorgeloos-onder-de-zon\/#primaryimage"},"image":{"@id":"https:\/\/zorgeloosonderdezon.nl\/es\/politica-de-privacidad-zorgeloos-onder-de-zon\/#primaryimage"},"thumbnailUrl":"https:\/\/zorgeloosonderdezon.nl\/wp-content\/uploads\/2025\/06\/38-Years-150x150.webp","datePublished":"2025-06-26T16:42:16+00:00","dateModified":"2025-11-19T16:09:30+00:00","breadcrumb":{"@id":"https:\/\/zorgeloosonderdezon.nl\/es\/politica-de-privacidad-zorgeloos-onder-de-zon\/#breadcrumb"},"inLanguage":"es","potentialAction":[{"@type":"ReadAction","target":["https:\/\/zorgeloosonderdezon.nl\/es\/politica-de-privacidad-zorgeloos-onder-de-zon\/"]}]},{"@type":"ImageObject","inLanguage":"es","@id":"https:\/\/zorgeloosonderdezon.nl\/es\/politica-de-privacidad-zorgeloos-onder-de-zon\/#primaryimage","url":"https:\/\/zorgeloosonderdezon.nl\/wp-content\/uploads\/2025\/06\/38-Years-150x150.webp","contentUrl":"https:\/\/zorgeloosonderdezon.nl\/wp-content\/uploads\/2025\/06\/38-Years-150x150.webp"},{"@type":"BreadcrumbList","@id":"https:\/\/zorgeloosonderdezon.nl\/es\/politica-de-privacidad-zorgeloos-onder-de-zon\/#breadcrumb","itemListElement":[{"@type":"ListItem","position":1,"name":"Home","item":"https:\/\/zorgeloosonderdezon.nl\/es\/"},{"@type":"ListItem","position":2,"name":"Pol\u00edtica de privacidad &#8211; Zorgeloos onder de Zon"}]},{"@type":"WebSite","@id":"https:\/\/zorgeloosonderdezon.nl\/es\/#website","url":"https:\/\/zorgeloosonderdezon.nl\/es\/","name":"Zorgeloos onder de Zon","description":"A Espa\u00f1a, sin drama","publisher":{"@id":"https:\/\/zorgeloosonderdezon.nl\/es\/#organization"},"alternateName":"Zonder gedoe naar Spanje toe","potentialAction":[{"@type":"SearchAction","target":{"@type":"EntryPoint","urlTemplate":"https:\/\/zorgeloosonderdezon.nl\/es\/?s={search_term_string}"},"query-input":{"@type":"PropertyValueSpecification","valueRequired":true,"valueName":"search_term_string"}}],"inLanguage":"es"},{"@type":"Organization","@id":"https:\/\/zorgeloosonderdezon.nl\/es\/#organization","name":"Zorgeloos onder de Zon","alternateName":"A Espa\u00f1a, sin drama","url":"https:\/\/zorgeloosonderdezon.nl\/es\/","logo":{"@type":"ImageObject","inLanguage":"es","@id":"https:\/\/zorgeloosonderdezon.nl\/es\/#\/schema\/logo\/image\/","url":"https:\/\/zorgeloosonderdezon.nl\/wp-content\/uploads\/2025\/08\/ZODZ_Full-Color-CMYK-Liggend-scaled.png","contentUrl":"https:\/\/zorgeloosonderdezon.nl\/wp-content\/uploads\/2025\/08\/ZODZ_Full-Color-CMYK-Liggend-scaled.png","width":2560,"height":865,"caption":"Zorgeloos onder de Zon"},"image":{"@id":"https:\/\/zorgeloosonderdezon.nl\/es\/#\/schema\/logo\/image\/"},"sameAs":["https:\/\/www.facebook.com\/zorgeloosonderdezon\/"]}]}},"_links":{"self":[{"href":"https:\/\/zorgeloosonderdezon.nl\/es\/wp-json\/wp\/v2\/pages\/1951","targetHints":{"allow":["GET"]}}],"collection":[{"href":"https:\/\/zorgeloosonderdezon.nl\/es\/wp-json\/wp\/v2\/pages"}],"about":[{"href":"https:\/\/zorgeloosonderdezon.nl\/es\/wp-json\/wp\/v2\/types\/page"}],"author":[{"embeddable":true,"href":"https:\/\/zorgeloosonderdezon.nl\/es\/wp-json\/wp\/v2\/users\/1"}],"replies":[{"embeddable":true,"href":"https:\/\/zorgeloosonderdezon.nl\/es\/wp-json\/wp\/v2\/comments?post=1951"}],"version-history":[{"count":0,"href":"https:\/\/zorgeloosonderdezon.nl\/es\/wp-json\/wp\/v2\/pages\/1951\/revisions"}],"wp:attachment":[{"href":"https:\/\/zorgeloosonderdezon.nl\/es\/wp-json\/wp\/v2\/media?parent=1951"}],"curies":[{"name":"wp","href":"https:\/\/api.w.org\/{rel}","templated":true}]}}